{"id":70,"date":"2020-09-03T12:49:54","date_gmt":"2020-09-03T15:49:54","guid":{"rendered":"http:\/\/salveperiferico1.hospedagemdesites.ws\/blog\/?page_id=70"},"modified":"2020-09-03T17:21:02","modified_gmt":"2020-09-03T20:21:02","slug":"quem-somos","status":"publish","type":"page","link":"http:\/\/salveperiferico.org\/blog\/quem-somos\/","title":{"rendered":"Quem Somos"},"content":{"rendered":"\n<p>HIST\u00d3RICO MOVIMENTO SALVE PERIF\u00c9RICO\u2026\u2026<\/p>\n\n\n\n<p>O Movimento Salve Perif\u00e9rico \u00e9 uma institui\u00e7\u00e3o sem fins lucrativos, ajudando na forma\u00e7\u00e3o de cidad\u00e3os de car\u00e1ter e valores pessoais, promovendo o incentivo ao esporte, social, esporte sa\u00fade&nbsp; educa\u00e7\u00e3o, arte, cultura, lazer e cidadania, atrav\u00e9s da uni\u00e3o de indiv\u00edduos e do trabalho voluntariado, o que nos leva \u00e0 constru\u00e7\u00e3o de uma humanidade ainda mais humana, al\u00e9m de gerar empregos nas \u00e1reas de entretenimento e presta\u00e7\u00e3o de servi\u00e7os em geral.&nbsp;<\/p>\n\n\n\n<figure class=\"wp-block-image size-large\"><img loading=\"lazy\" width=\"1024\" height=\"861\" src=\"http:\/\/salveperiferico1.hospedagemdesites.ws\/blog\/wp-content\/uploads\/2020\/07\/salve-periferico-1024x861.jpg\" alt=\"Salve\" class=\"wp-image-17\" srcset=\"http:\/\/salveperiferico.org\/blog\/wp-content\/uploads\/2020\/07\/salve-periferico-1024x861.jpg 1024w, http:\/\/salveperiferico.org\/blog\/wp-content\/uploads\/2020\/07\/salve-periferico-300x252.jpg 300w, http:\/\/salveperiferico.org\/blog\/wp-content\/uploads\/2020\/07\/salve-periferico-768x646.jpg 768w, http:\/\/salveperiferico.org\/blog\/wp-content\/uploads\/2020\/07\/salve-periferico.jpg 1280w\" sizes=\"(max-width: 1024px) 100vw, 1024px\" \/><\/figure>\n\n\n\n<p>&nbsp;Em 2000, nasce a ideia de montar uma rede de volunt\u00e1rios para o exerc\u00edcio do trabalho humanit\u00e1rio. Depois de criada esta rede, com 15 ( quinze )&nbsp; membros na \u00e9poca, entre os quais podemos citar lideres comunit\u00e1rios, empres\u00e1rios do ramo de show business, inform\u00e1tica e alimentos, m\u00e9dicos, advogados, psic\u00f3logos, pedagogos, donas de casa, atendentes de telemarketing, vendedores, universit\u00e1rios, professores artistas etc.; come\u00e7aram a desenvolver os projetos nas \u00e1reas que pretendiam atuar, elaborando o primeiro projeto chamado \u201cMinha Querida Periferia\u201d Projeto este que teve a finalidade de atuar somente nas comunidades carentes, de S\u00e3o Paulo, e sempre em parceria com outros \u00f3rg\u00e3os e institui\u00e7\u00f5es.<\/p>\n\n\n\n<p>&nbsp;&nbsp; Atrav\u00e9s disto, buscando estabelecer la\u00e7os com outras organiza\u00e7\u00f5es que procuram fomentar o apoio \u00e0 coletividade, e ampliar futuramente para outras comunidades do pa\u00eds. A primeira edi\u00e7\u00e3o foi no ano de 2000, onde conseguiram atender os segmentos : educa\u00e7\u00e3o, sa\u00fade, cultura, esporte, arte e lazer, alcan\u00e7ando um nicho superior de 250.000 ( duzento e cinquenta mil ), o qual estava inseridos diversas pessoas entre crian\u00e7as, jovens e idosos.<\/p>\n\n\n\n<p>&nbsp;&nbsp; O MOVIMENTO SALVE PERIF\u00c9RICO surgiu com o objetivo de FOMENTAR o amparo social em aten\u00e7\u00e3o \u00e0s comunidades inseridas nas periferias das cidades, tomando inicialmente, o sentido de trazer discuss\u00f5es construtivas, apresentando um plano Diretor de desenvolvimento regional para toda cidade em especial a zona norte e&nbsp; noroeste, sua maior \u00e1rea de atua\u00e7\u00e3o, fomentando propostas nas \u00e1reas: sociais, educa\u00e7\u00e3o, sa\u00fade; infraestrutura, trabalho, cultura esporte e lazer; enfim articulando e promovendo apoio \u00e0s lutas das comunidades perif\u00e9ricas.<\/p>\n\n\n\n<p>&nbsp;&nbsp; O MOVIMENTO SALVE PERF\u00c9RICO tem como log\u00edstica de gerenciamento dos seus objetivos, em m\u00e9dio prazo realizar o atendimento todas as regi\u00f5es do Munic\u00edpio de S\u00e3o Paulo; e a longo prazo&nbsp; promover e fomentar o atendimento com repercuss\u00e3o de&nbsp; n\u00edvel internacional.<\/p>\n\n\n\n<p>Como PRESIDENTA do Instituto a Sra. D\u00e9bora Ingrit Dias Eug\u00eanio, Idealizadora da rede de volunt\u00e1rios, autora de v\u00e1rios projetos, brasileira, solteira, educadora e criadora de projetos educacionais sociais , empresaria e produtora no ramo do show business\/produ\u00e7\u00f5es art\u00edsticas culturais, j\u00e1 contratou artistas e shows tais, como; P\u00e9ricles, Belo, Ra\u00e7a Negra, Grupo Sensa\u00e7\u00e3o, Grupo Fundo de Quintal, Interprete Walmir Borges, Neguinho da Beija Flor, Arlindo Cruz, Grupo Samba Art&amp;Oficio, Sampa Crew, entre outros eventos p\u00fablicos tais como; \u201cprojeto Funk SP \u2013 MCs Leo da Baixada, Kevinho, Yago, Tati Zaqui etc. entre outros eventos p\u00fablicos tais como; \u201cprojeto Festa de S\u00e3o Francisco e Santo Ant\u00f4nio &#8211; Largo S\u00e3o Francisco, Festival do Jap\u00e3o 2014- Expo Imigrantes.Destaque aos 461 anos de S\u00e3o Paulo que contou com uma grande Cavalgada com mais de 150 cavaleiros e charretes da comitiva de muares da Freguesia do \u00d3, cidades de Itu, Aparecida, Valinhos e outras, que percorreu mais de 14 km da Freguesia e Brasil\u00e2ndia, vindo direto da ro\u00e7a a grandiosa queima do alho culin\u00e1ria t\u00edpica caipira, shows musicais, sa\u00fade, educa\u00e7\u00e3o, social e cidadania, brincadeiras, e muita informa\u00e7\u00e3o que reuniu mais de 20.000 pessoas no largo da matriz.<\/p>\n\n\n\n<p>&nbsp;O MOVIMENTO SALVE PERF\u00c9RICO se apresenta com a uni\u00e3o de um grupo de lideran\u00e7as identificadas nas comunidades ( Quebradas), os quais j\u00e1 atuam h\u00e1 mais de 20( vinte ) anos nas regi\u00f5es retro identificadas, condi\u00e7\u00e3o&nbsp; com hist\u00f3rias comprovadas e documentadas, situa\u00e7\u00f5es leg\u00edtimas e ver\u00eddicas realizadas por pessoas com a refer\u00eancia de quem \u00e9 NATURAL , SANGUE DA TERRA, nascido nos bairros relatados, valendo-se como meio de prova por diversos registros de imagens, fotos, v\u00eddeos , \u00e1udios, e ainda contando com depoimentos de personagens do cotidiano e de repercuss\u00e3o e de identifica\u00e7\u00e3o de destaque da sociedade.<\/p>\n\n\n\n<p>de trabalho com as regi\u00f5es entre bairros e distritos, as quais possuem aproximadamente um nicho superior de 2.400.000 (dois milh\u00f5es e quatrocentos mil) moradores, onde se re\u00fanem uma s\u00e9rie de entidades assistenciais ( filantr\u00f3picas) , grupos culturais, gr\u00eamios esportivos, escolas de samba, blocos carnavalescos, lideran\u00e7as de bairro, jornais de bairros e ainda se identificam com&nbsp; diversos e variados movimentos de grupos inseridos nas comunidades, que atuam h\u00e1 anos em defesa e assist\u00eancia social aos moradores das regi\u00f5es identificadas no plano de trabalho.<\/p>\n\n\n\n<p>&nbsp;Destaca-se que as Regi\u00f5es atendidas pelo MOVIMENTO, s\u00e3o identificadas e movidas pela vulnerabilidade que as pessoas se encontram, promovidas por desigualdades, injusti\u00e7as e car\u00eancia social. Finalmente fundamos o nosso instituto que se chama \u201cINSTITUTO DE AMPARO E ASSISTENCIA SOCIAL \u2013 IASS MOVIMENTO SALVE PERIF\u00c9RICO- inscrito sob o CNPJ\/N\u00ba 31.777.671\/0001-97\u201d.<\/p>\n","protected":false},"excerpt":{"rendered":"<p>HIST\u00d3RICO MOVIMENTO SALVE PERIF\u00c9RICO\u2026\u2026 O Movimento Salve Perif\u00e9rico \u00e9 uma institui\u00e7\u00e3o sem fins lucrativos, ajudando na forma\u00e7\u00e3o de cidad\u00e3os de car\u00e1ter e valores pessoais, promovendo o incentivo ao esporte, social, esporte sa\u00fade&nbsp; educa\u00e7\u00e3o, arte, cultura, lazer e cidadania, atrav\u00e9s da uni\u00e3o de indiv\u00edduos e do trabalho voluntariado, o que nos [&hellip;]<\/p>\n","protected":false},"author":1,"featured_media":60,"parent":0,"menu_order":0,"comment_status":"closed","ping_status":"closed","template":"","meta":[],"_links":{"self":[{"href":"http:\/\/salveperiferico.org\/blog\/wp-json\/wp\/v2\/pages\/70"}],"collection":[{"href":"http:\/\/salveperiferico.org\/blog\/wp-json\/wp\/v2\/pages"}],"about":[{"href":"http:\/\/salveperiferico.org\/blog\/wp-json\/wp\/v2\/types\/page"}],"author":[{"embeddable":true,"href":"http:\/\/salveperiferico.org\/blog\/wp-json\/wp\/v2\/users\/1"}],"replies":[{"embeddable":true,"href":"http:\/\/salveperiferico.org\/blog\/wp-json\/wp\/v2\/comments?post=70"}],"version-history":[{"count":4,"href":"http:\/\/salveperiferico.org\/blog\/wp-json\/wp\/v2\/pages\/70\/revisions"}],"predecessor-version":[{"id":100,"href":"http:\/\/salveperiferico.org\/blog\/wp-json\/wp\/v2\/pages\/70\/revisions\/100"}],"wp:featuredmedia":[{"embeddable":true,"href":"http:\/\/salveperiferico.org\/blog\/wp-json\/wp\/v2\/media\/60"}],"wp:attachment":[{"href":"http:\/\/salveperiferico.org\/blog\/wp-json\/wp\/v2\/media?parent=70"}],"curies":[{"name":"wp","href":"https:\/\/api.w.org\/{rel}","templated":true}]}}